{"id":10,"date":"2016-09-02T17:58:16","date_gmt":"2016-09-02T15:58:16","guid":{"rendered":"https:\/\/cdco42.fr\/site\/?page_id=10"},"modified":"2025-11-19T12:17:05","modified_gmt":"2025-11-19T11:17:05","slug":"qui-sommes-nous","status":"publish","type":"page","link":"https:\/\/cdco42.fr\/site\/?page_id=10","title":{"rendered":"Qui sommes-nous ?"},"content":{"rendered":"<p>Le comit\u00e9 d\u00e9partemental de la Loire a \u00e9t\u00e9 cr\u00e9\u00e9 en 1984, \u00e0 l&rsquo;initiative des acteurs lig\u00e9riens de la CO.<\/p>\n<h2>L&rsquo;\u00e9quipe :<\/h2>\n<div class=\"plugin_text\">\n<ul>\n<li>Pr\u00e9sident : Olivier TARDY<\/li>\n<li>Vice-pr\u00e9sident : Vincent CHOMETTE<\/li>\n<li>Tr\u00e9sorier :\u00a0Eric CHASSELIN<\/li>\n<li>Secr\u00e9taire : Annie COMBET<\/li>\n<li>Autres membres du comit\u00e9 directeur : Alo\u00efs FORESTIER, Thierry HENROT, Thierry LAFANECHERE, Eric PERRIN, Na\u00efs DEVRIEUX, Laurent COULIARD<\/li>\n<li>Agent de d\u00e9veloppement : Jean-Baptiste BOURRIN<\/li>\n<\/ul>\n<\/div>\n","protected":false},"excerpt":{"rendered":"<p>Le comit\u00e9 d\u00e9partemental de la Loire a \u00e9t\u00e9 cr\u00e9\u00e9 en 1984, \u00e0 l&rsquo;initiative des acteurs lig\u00e9riens de la CO. L&rsquo;\u00e9quipe : Pr\u00e9sident : Olivier TARDY Vice-pr\u00e9sident : Vincent CHOMETTE Tr\u00e9sorier :\u00a0Eric CHASSELIN Secr\u00e9taire : Annie COMBET Autres membres du comit\u00e9 directeur : Alo\u00efs FORESTIER, Thierry HENROT, Thierry LAFANECHERE, Eric PERRIN, Na\u00efs DEVRIEUX, Laurent COULIARD Agent [&hellip;]<\/p>\n","protected":false},"author":8,"featured_media":0,"parent":0,"menu_order":1,"comment_status":"closed","ping_status":"closed","template":"","meta":{"footnotes":""},"class_list":["post-10","page","type-page","status-publish","hentry"],"_links":{"self":[{"href":"https:\/\/cdco42.fr\/site\/index.php?rest_route=\/wp\/v2\/pages\/10","targetHints":{"allow":["GET"]}}],"collection":[{"href":"https:\/\/cdco42.fr\/site\/index.php?rest_route=\/wp\/v2\/pages"}],"about":[{"href":"https:\/\/cdco42.fr\/site\/index.php?rest_route=\/wp\/v2\/types\/page"}],"author":[{"embeddable":true,"href":"https:\/\/cdco42.fr\/site\/index.php?rest_route=\/wp\/v2\/users\/8"}],"replies":[{"embeddable":true,"href":"https:\/\/cdco42.fr\/site\/index.php?rest_route=%2Fwp%2Fv2%2Fcomments&post=10"}],"version-history":[{"count":10,"href":"https:\/\/cdco42.fr\/site\/index.php?rest_route=\/wp\/v2\/pages\/10\/revisions"}],"predecessor-version":[{"id":579,"href":"https:\/\/cdco42.fr\/site\/index.php?rest_route=\/wp\/v2\/pages\/10\/revisions\/579"}],"wp:attachment":[{"href":"https:\/\/cdco42.fr\/site\/index.php?rest_route=%2Fwp%2Fv2%2Fmedia&parent=10"}],"curies":[{"name":"wp","href":"https:\/\/api.w.org\/{rel}","templated":true}]}}