{"id":121,"date":"2016-11-27T19:42:12","date_gmt":"2016-11-27T18:42:12","guid":{"rendered":"https:\/\/cdco42.fr\/site\/?page_id=121"},"modified":"2025-11-19T12:42:41","modified_gmt":"2025-11-19T11:42:41","slug":"naturo-loire","status":"publish","type":"page","link":"https:\/\/cdco42.fr\/site\/?page_id=121","title":{"rendered":"Natur&rsquo;O Loire"},"content":{"rendered":"<p><strong>NaturO Loire 2017 ANNUL\u00c9E<\/strong><\/p>\n<p>Le faible nombre de coureurs inscrits \u00e0 une semaine de la course (10), des conditions d\u2019accueil peu satisfaisantes et une m\u00e9t\u00e9o pr\u00e9visionnelle peu cl\u00e9mente, nous ont fait prendre cette d\u00e9cision.<\/p>\n<p>Avec toutes nos excuses.<\/p>\n<p>La Natur&rsquo;O Loire approche&#8230;<\/p>\n<p><img loading=\"lazy\" decoding=\"async\" class=\"alignnone size-full wp-image-212\" src=\"https:\/\/cdco42.fr\/site\/wp-content\/uploads\/2017\/04\/Extrait-de-carte2.jpg\" alt=\"\" width=\"149\" height=\"143\" \/><img loading=\"lazy\" decoding=\"async\" class=\"alignnone wp-image-213\" src=\"https:\/\/cdco42.fr\/site\/wp-content\/uploads\/2017\/04\/rando-1-300x148.jpg\" alt=\"\" width=\"289\" height=\"143\" srcset=\"https:\/\/cdco42.fr\/site\/wp-content\/uploads\/2017\/04\/rando-1-300x148.jpg 300w, https:\/\/cdco42.fr\/site\/wp-content\/uploads\/2017\/04\/rando-1-768x380.jpg 768w, https:\/\/cdco42.fr\/site\/wp-content\/uploads\/2017\/04\/rando-1-1024x506.jpg 1024w, https:\/\/cdco42.fr\/site\/wp-content\/uploads\/2017\/04\/rando-1-600x296.jpg 600w\" sizes=\"auto, (max-width: 289px) 100vw, 289px\" \/><img loading=\"lazy\" decoding=\"async\" class=\"alignnone size-full wp-image-211\" src=\"https:\/\/cdco42.fr\/site\/wp-content\/uploads\/2017\/04\/Extrait-de-carte1.jpg\" alt=\"\" width=\"149\" height=\"143\" \/><\/p>\n<p>Vous pouvez d\u00e8s-\u00e0-pr\u00e9sent vous inscrire<br \/>\nLe r\u00e8glement est en ligne : <a href=\"https:\/\/cdco42.fr\/site\/wp-content\/uploads\/2017\/04\/Reglement.pdf\">Reglement<\/a><\/p>\n<p><img loading=\"lazy\" decoding=\"async\" class=\"alignnone wp-image-167 size-full\" src=\"https:\/\/cdco42.fr\/site\/wp-content\/uploads\/2016\/11\/tractp1.jpg\" width=\"827\" height=\"1169\" srcset=\"https:\/\/cdco42.fr\/site\/wp-content\/uploads\/2016\/11\/tractp1.jpg 827w, https:\/\/cdco42.fr\/site\/wp-content\/uploads\/2016\/11\/tractp1-212x300.jpg 212w, https:\/\/cdco42.fr\/site\/wp-content\/uploads\/2016\/11\/tractp1-768x1086.jpg 768w, https:\/\/cdco42.fr\/site\/wp-content\/uploads\/2016\/11\/tractp1-724x1024.jpg 724w, https:\/\/cdco42.fr\/site\/wp-content\/uploads\/2016\/11\/tractp1-600x848.jpg 600w\" sizes=\"auto, (max-width: 827px) 100vw, 827px\" \/> <img loading=\"lazy\" decoding=\"async\" class=\"alignnone wp-image-168 size-full\" src=\"https:\/\/cdco42.fr\/site\/wp-content\/uploads\/2016\/11\/tractp2.jpg\" width=\"827\" height=\"1169\" srcset=\"https:\/\/cdco42.fr\/site\/wp-content\/uploads\/2016\/11\/tractp2.jpg 827w, https:\/\/cdco42.fr\/site\/wp-content\/uploads\/2016\/11\/tractp2-212x300.jpg 212w, https:\/\/cdco42.fr\/site\/wp-content\/uploads\/2016\/11\/tractp2-768x1086.jpg 768w, https:\/\/cdco42.fr\/site\/wp-content\/uploads\/2016\/11\/tractp2-724x1024.jpg 724w, https:\/\/cdco42.fr\/site\/wp-content\/uploads\/2016\/11\/tractp2-600x848.jpg 600w\" sizes=\"auto, (max-width: 827px) 100vw, 827px\" \/><\/p>\n","protected":false},"excerpt":{"rendered":"<p>NaturO Loire 2017 ANNUL\u00c9E Le faible nombre de coureurs inscrits \u00e0 une semaine de la course (10), des conditions d\u2019accueil peu satisfaisantes et une m\u00e9t\u00e9o pr\u00e9visionnelle peu cl\u00e9mente, nous ont fait prendre cette d\u00e9cision. Avec toutes nos excuses. La Natur&rsquo;O Loire approche&#8230; Vous pouvez d\u00e8s-\u00e0-pr\u00e9sent vous inscrire Le r\u00e8glement est en ligne : Reglement<\/p>\n","protected":false},"author":9,"featured_media":0,"parent":1000,"menu_order":1,"comment_status":"closed","ping_status":"closed","template":"","meta":{"footnotes":""},"class_list":["post-121","page","type-page","status-publish","hentry"],"_links":{"self":[{"href":"https:\/\/cdco42.fr\/site\/index.php?rest_route=\/wp\/v2\/pages\/121","targetHints":{"allow":["GET"]}}],"collection":[{"href":"https:\/\/cdco42.fr\/site\/index.php?rest_route=\/wp\/v2\/pages"}],"about":[{"href":"https:\/\/cdco42.fr\/site\/index.php?rest_route=\/wp\/v2\/types\/page"}],"author":[{"embeddable":true,"href":"https:\/\/cdco42.fr\/site\/index.php?rest_route=\/wp\/v2\/users\/9"}],"replies":[{"embeddable":true,"href":"https:\/\/cdco42.fr\/site\/index.php?rest_route=%2Fwp%2Fv2%2Fcomments&post=121"}],"version-history":[{"count":12,"href":"https:\/\/cdco42.fr\/site\/index.php?rest_route=\/wp\/v2\/pages\/121\/revisions"}],"predecessor-version":[{"id":238,"href":"https:\/\/cdco42.fr\/site\/index.php?rest_route=\/wp\/v2\/pages\/121\/revisions\/238"}],"up":[{"embeddable":true,"href":"https:\/\/cdco42.fr\/site\/index.php?rest_route=\/wp\/v2\/pages\/1000"}],"wp:attachment":[{"href":"https:\/\/cdco42.fr\/site\/index.php?rest_route=%2Fwp%2Fv2%2Fmedia&parent=121"}],"curies":[{"name":"wp","href":"https:\/\/api.w.org\/{rel}","templated":true}]}}