{"id":13,"date":"2016-09-02T18:05:27","date_gmt":"2016-09-02T16:05:27","guid":{"rendered":"https:\/\/cdco42.fr\/site\/?page_id=13"},"modified":"2025-11-26T21:54:58","modified_gmt":"2025-11-26T20:54:58","slug":"intranet","status":"publish","type":"page","link":"https:\/\/cdco42.fr\/site\/?page_id=13","title":{"rendered":"Intranet"},"content":{"rendered":"<p>Cet acc\u00e8s est r\u00e9serv\u00e9 aux membres du comit\u00e9 directeur<\/p>\n<p>Mails : <a href=\"https:\/\/login.microsoftonline.com\/\">https:\/\/login.microsoftonline.com\/<\/a><\/p>\n<p>Cloud (ressources de documents) : <a href=\"https:\/\/cloud.cdco42.fr\/\">https:\/\/cloud.cdco42.fr\/<\/a><\/p>\n<p>&nbsp;<\/p>\n","protected":false},"excerpt":{"rendered":"<p>Cet acc\u00e8s est r\u00e9serv\u00e9 aux membres du comit\u00e9 directeur Mails : https:\/\/login.microsoftonline.com\/ Cloud (ressources de documents) : https:\/\/cloud.cdco42.fr\/ &nbsp;<\/p>\n","protected":false},"author":9,"featured_media":0,"parent":1000,"menu_order":98,"comment_status":"closed","ping_status":"closed","template":"","meta":{"footnotes":""},"class_list":["post-13","page","type-page","status-publish","hentry"],"_links":{"self":[{"href":"https:\/\/cdco42.fr\/site\/index.php?rest_route=\/wp\/v2\/pages\/13","targetHints":{"allow":["GET"]}}],"collection":[{"href":"https:\/\/cdco42.fr\/site\/index.php?rest_route=\/wp\/v2\/pages"}],"about":[{"href":"https:\/\/cdco42.fr\/site\/index.php?rest_route=\/wp\/v2\/types\/page"}],"author":[{"embeddable":true,"href":"https:\/\/cdco42.fr\/site\/index.php?rest_route=\/wp\/v2\/users\/9"}],"replies":[{"embeddable":true,"href":"https:\/\/cdco42.fr\/site\/index.php?rest_route=%2Fwp%2Fv2%2Fcomments&post=13"}],"version-history":[{"count":2,"href":"https:\/\/cdco42.fr\/site\/index.php?rest_route=\/wp\/v2\/pages\/13\/revisions"}],"predecessor-version":[{"id":50,"href":"https:\/\/cdco42.fr\/site\/index.php?rest_route=\/wp\/v2\/pages\/13\/revisions\/50"}],"up":[{"embeddable":true,"href":"https:\/\/cdco42.fr\/site\/index.php?rest_route=\/wp\/v2\/pages\/1000"}],"wp:attachment":[{"href":"https:\/\/cdco42.fr\/site\/index.php?rest_route=%2Fwp%2Fv2%2Fmedia&parent=13"}],"curies":[{"name":"wp","href":"https:\/\/api.w.org\/{rel}","templated":true}]}}