{"id":242,"date":"2017-06-04T22:41:48","date_gmt":"2017-06-04T20:41:48","guid":{"rendered":"https:\/\/cdco42.fr\/site\/?page_id=242"},"modified":"2025-11-19T12:24:32","modified_gmt":"2025-11-19T11:24:32","slug":"catalogue","status":"publish","type":"page","link":"https:\/\/cdco42.fr\/site\/?page_id=242","title":{"rendered":"Catalogue"},"content":{"rendered":"<p><strong>Pour localiser une carte, visualiser une miniature et les contours de la carte :<\/strong><\/p>\n<p><a href=\"http:\/\/www.ffcorientation.fr\/licencie\/cartographie\/cartotheque\/liste\/?cd=42\">&gt; Effectuer une recherche dans la base f\u00e9d\u00e9rale (FFCO)<\/a><\/p>\n<p><a href=\"http:\/\/www.ffcorientation.fr\/pres_de\/?place=42\">&gt; Localiser les cartes du d\u00e9partement sur un fond de carte (FFCO)<\/a><\/p>\n<p><span style=\"color: #ff6600;\"><strong>Pour commander une carte (tirages ou fichiers num\u00e9riques)<\/strong><\/span><\/p>\n<p><span style=\"color: #ff9900;\"><a href=\"https:\/\/cdco42.fr\/site\/?page_id=312\"><span style=\"color: #ff9900;\">&gt; Acc\u00e8s aux formulaires de commande<\/span><\/a><\/span><\/p>\n<p><img loading=\"lazy\" decoding=\"async\" class=\"alignnone size-medium wp-image-172\" src=\"https:\/\/cdco42.fr\/site\/wp-content\/uploads\/2016\/11\/image-gauche-annuaire-292x300.jpg\" alt=\"\" width=\"292\" height=\"300\" srcset=\"https:\/\/cdco42.fr\/site\/wp-content\/uploads\/2016\/11\/image-gauche-annuaire-292x300.jpg 292w, https:\/\/cdco42.fr\/site\/wp-content\/uploads\/2016\/11\/image-gauche-annuaire.jpg 300w\" sizes=\"auto, (max-width: 292px) 100vw, 292px\" \/> <img loading=\"lazy\" decoding=\"async\" class=\"alignnone wp-image-211\" src=\"https:\/\/cdco42.fr\/site\/wp-content\/uploads\/2017\/04\/Extrait-de-carte1.jpg\" alt=\"\" width=\"200\" height=\"192\" \/> <img loading=\"lazy\" decoding=\"async\" class=\"alignnone wp-image-212\" src=\"https:\/\/cdco42.fr\/site\/wp-content\/uploads\/2017\/04\/Extrait-de-carte2.jpg\" alt=\"\" width=\"120\" height=\"115\" \/><\/p>\n","protected":false},"excerpt":{"rendered":"<p>Pour localiser une carte, visualiser une miniature et les contours de la carte : &gt; Effectuer une recherche dans la base f\u00e9d\u00e9rale (FFCO) &gt; Localiser les cartes du d\u00e9partement sur un fond de carte (FFCO) Pour commander une carte (tirages ou fichiers num\u00e9riques) &gt; Acc\u00e8s aux formulaires de commande<\/p>\n","protected":false},"author":5,"featured_media":0,"parent":29,"menu_order":1,"comment_status":"closed","ping_status":"closed","template":"","meta":{"footnotes":""},"class_list":["post-242","page","type-page","status-publish","hentry"],"_links":{"self":[{"href":"https:\/\/cdco42.fr\/site\/index.php?rest_route=\/wp\/v2\/pages\/242","targetHints":{"allow":["GET"]}}],"collection":[{"href":"https:\/\/cdco42.fr\/site\/index.php?rest_route=\/wp\/v2\/pages"}],"about":[{"href":"https:\/\/cdco42.fr\/site\/index.php?rest_route=\/wp\/v2\/types\/page"}],"author":[{"embeddable":true,"href":"https:\/\/cdco42.fr\/site\/index.php?rest_route=\/wp\/v2\/users\/5"}],"replies":[{"embeddable":true,"href":"https:\/\/cdco42.fr\/site\/index.php?rest_route=%2Fwp%2Fv2%2Fcomments&post=242"}],"version-history":[{"count":17,"href":"https:\/\/cdco42.fr\/site\/index.php?rest_route=\/wp\/v2\/pages\/242\/revisions"}],"predecessor-version":[{"id":994,"href":"https:\/\/cdco42.fr\/site\/index.php?rest_route=\/wp\/v2\/pages\/242\/revisions\/994"}],"up":[{"embeddable":true,"href":"https:\/\/cdco42.fr\/site\/index.php?rest_route=\/wp\/v2\/pages\/29"}],"wp:attachment":[{"href":"https:\/\/cdco42.fr\/site\/index.php?rest_route=%2Fwp%2Fv2%2Fmedia&parent=242"}],"curies":[{"name":"wp","href":"https:\/\/api.w.org\/{rel}","templated":true}]}}