{"id":266,"date":"2017-06-08T16:28:19","date_gmt":"2017-06-08T14:28:19","guid":{"rendered":"https:\/\/cdco42.fr\/site\/?page_id=266"},"modified":"2025-11-19T12:24:45","modified_gmt":"2025-11-19T11:24:45","slug":"du-nouveau-dans-la-cartotheque","status":"publish","type":"page","link":"https:\/\/cdco42.fr\/site\/?page_id=266","title":{"rendered":"Du nouveau dans la cartoth\u00e8que &#8230;"},"content":{"rendered":"<p><em>Lettre p\u00e9riodique destin\u00e9e \u00e0 tous les orienteurs lig\u00e9riens pour d\u00e9couvrir l\u2019actualit\u00e9 cartographique dans la Loire \u2026 Bonne lecture\u00a0!<\/em><\/p>\n<ul>\n<li>N\u00b014 D\u00e9cembre 2017\u00a0<em>A para\u00eetre<\/em><\/li>\n<li>N\u00b013 Automne 2017 <a href=\"https:\/\/cdco42.fr\/site\/wp-content\/uploads\/2017\/06\/Carto-mag-13.pdf\" target=\"_blank\" rel=\"noopener\">Carto mag 13<\/a><\/li>\n<li>N\u00b012 Mars 2017 <a href=\"https:\/\/cdco42.fr\/site\/wp-content\/uploads\/2017\/06\/Carto-mag-12.pdf\">Carto mag 12<\/a><\/li>\n<li>N\u00b011 D\u00e9cembre 2016 <a href=\"https:\/\/cdco42.fr\/site\/wp-content\/uploads\/2017\/06\/Carto-mag-11.pdf\">Carto mag 11<\/a><\/li>\n<li>N\u00b010 Octobre 2016 <a href=\"https:\/\/cdco42.fr\/site\/wp-content\/uploads\/2017\/06\/Carto-mag-10.pdf\">Carto mag 10<\/a><\/li>\n<li>N\u00b09 Et\u00e9 2016 <a href=\"https:\/\/cdco42.fr\/site\/wp-content\/uploads\/2017\/06\/Carto-mag-9.pdf\">Carto mag 9<\/a><\/li>\n<li>N\u00b08 Avril 2016 <a href=\"https:\/\/cdco42.fr\/site\/wp-content\/uploads\/2017\/06\/Carto-mag-8.pdf\">Carto mag 8<\/a><\/li>\n<li>N\u00b07 F\u00e9vrier 2016 <a href=\"https:\/\/cdco42.fr\/site\/wp-content\/uploads\/2017\/06\/Carto-mag-7.pdf\">Carto mag 7<\/a><\/li>\n<li>N\u00b06 D\u00e9cembre 2015 <a href=\"https:\/\/cdco42.fr\/site\/wp-content\/uploads\/2017\/06\/Carto-mag-6.pdf\">Carto mag 6<\/a><\/li>\n<li>N\u00b05 Octobre 2015 <a href=\"https:\/\/cdco42.fr\/site\/wp-content\/uploads\/2017\/06\/Carto-mag-5.pdf\">Carto mag 5<\/a><\/li>\n<li>N\u00b04 Ao\u00fbt 2015 <a href=\"https:\/\/cdco42.fr\/site\/wp-content\/uploads\/2017\/06\/Carto-mag-4.pdf\">Carto mag 4<\/a><\/li>\n<li>N\u00b03 Juin 2015 <a href=\"https:\/\/cdco42.fr\/site\/wp-content\/uploads\/2017\/06\/Carto-mag-3.pdf\">Carto mag 3<\/a><\/li>\n<li>N\u00b02 Mars 2015 <a href=\"https:\/\/cdco42.fr\/site\/wp-content\/uploads\/2017\/06\/Carto-mag-2.pdf\">Carto mag 2<\/a><\/li>\n<li>N\u00b01 Janvier 2015 <a href=\"https:\/\/cdco42.fr\/site\/wp-content\/uploads\/2017\/06\/Carto-mag-1.pdf\">Carto mag 1<\/a><\/li>\n<\/ul>\n","protected":false},"excerpt":{"rendered":"<p>Lettre p\u00e9riodique destin\u00e9e \u00e0 tous les orienteurs lig\u00e9riens pour d\u00e9couvrir l\u2019actualit\u00e9 cartographique dans la Loire \u2026 Bonne lecture\u00a0! N\u00b014 D\u00e9cembre 2017\u00a0A para\u00eetre N\u00b013 Automne 2017 Carto mag 13 N\u00b012 Mars 2017 Carto mag 12 N\u00b011 D\u00e9cembre 2016 Carto mag 11 N\u00b010 Octobre 2016 Carto mag 10 N\u00b09 Et\u00e9 2016 Carto mag 9 N\u00b08 Avril 2016 [&hellip;]<\/p>\n","protected":false},"author":5,"featured_media":0,"parent":29,"menu_order":3,"comment_status":"closed","ping_status":"closed","template":"","meta":{"footnotes":""},"class_list":["post-266","page","type-page","status-publish","hentry"],"_links":{"self":[{"href":"https:\/\/cdco42.fr\/site\/index.php?rest_route=\/wp\/v2\/pages\/266","targetHints":{"allow":["GET"]}}],"collection":[{"href":"https:\/\/cdco42.fr\/site\/index.php?rest_route=\/wp\/v2\/pages"}],"about":[{"href":"https:\/\/cdco42.fr\/site\/index.php?rest_route=\/wp\/v2\/types\/page"}],"author":[{"embeddable":true,"href":"https:\/\/cdco42.fr\/site\/index.php?rest_route=\/wp\/v2\/users\/5"}],"replies":[{"embeddable":true,"href":"https:\/\/cdco42.fr\/site\/index.php?rest_route=%2Fwp%2Fv2%2Fcomments&post=266"}],"version-history":[{"count":6,"href":"https:\/\/cdco42.fr\/site\/index.php?rest_route=\/wp\/v2\/pages\/266\/revisions"}],"predecessor-version":[{"id":293,"href":"https:\/\/cdco42.fr\/site\/index.php?rest_route=\/wp\/v2\/pages\/266\/revisions\/293"}],"up":[{"embeddable":true,"href":"https:\/\/cdco42.fr\/site\/index.php?rest_route=\/wp\/v2\/pages\/29"}],"wp:attachment":[{"href":"https:\/\/cdco42.fr\/site\/index.php?rest_route=%2Fwp%2Fv2%2Fmedia&parent=266"}],"curies":[{"name":"wp","href":"https:\/\/api.w.org\/{rel}","templated":true}]}}