{"id":312,"date":"2017-09-14T15:23:37","date_gmt":"2017-09-14T13:23:37","guid":{"rendered":"https:\/\/cdco42.fr\/site\/?page_id=312"},"modified":"2025-11-19T12:24:38","modified_gmt":"2025-11-19T11:24:38","slug":"commande-de-cartes","status":"publish","type":"page","link":"https:\/\/cdco42.fr\/site\/?page_id=312","title":{"rendered":"Commande de cartes"},"content":{"rendered":"<p><span style=\"color: #ff9900;\"><strong>Avant toute commande, consulter la <a href=\"https:\/\/www.ffcorientation.fr\/licencie\/cartographie\/cartotheque\/liste\/?cd=42\">cartoth\u00e8que<\/a>\u00a0pour identifier la carte, son num\u00e9ro et son prix (informations n\u00e9cessaires et a pr\u00e9ciser dans votre mail de commande ou la demande de devis).<br \/>\nMerci de pr\u00e9ciser \u00e9galement l&rsquo;adresse postale de facturation.<br \/>\n<\/strong><\/span><\/p>\n<p><strong>Documents t\u00e9l\u00e9chargeables :<\/strong><\/p>\n<p><span style=\"color: #99cc00;\"><a href=\"https:\/\/cdco42.fr\/site\/wp-content\/uploads\/2025\/11\/Tarifs-CDCO-2025.pdf\">&gt; Grille tarifaire<\/a> \u00a0 \u00a0 <a href=\"https:\/\/cdco42.fr\/site\/wp-content\/uploads\/2025\/11\/Charte-carto-scolaire-2025.pdf\">&gt; Charte d&rsquo;utilisation des fichiers .jpeg<\/a><\/span><\/p>\n<p>Passez commande par mail \u00e0 contact[a]cdco42.fr<\/p>\n<p><img loading=\"lazy\" decoding=\"async\" class=\"alignnone wp-image-257 size-full\" src=\"https:\/\/cdco42.fr\/site\/wp-content\/uploads\/2016\/11\/fond5.jpg\" alt=\"\" width=\"560\" height=\"309\" srcset=\"https:\/\/cdco42.fr\/site\/wp-content\/uploads\/2016\/11\/fond5.jpg 560w, https:\/\/cdco42.fr\/site\/wp-content\/uploads\/2016\/11\/fond5-300x166.jpg 300w\" sizes=\"auto, (max-width: 560px) 100vw, 560px\" \/><\/p>\n","protected":false},"excerpt":{"rendered":"<p>Avant toute commande, consulter la cartoth\u00e8que\u00a0pour identifier la carte, son num\u00e9ro et son prix (informations n\u00e9cessaires et a pr\u00e9ciser dans votre mail de commande ou la demande de devis). Merci de pr\u00e9ciser \u00e9galement l&rsquo;adresse postale de facturation. Documents t\u00e9l\u00e9chargeables : &gt; Grille tarifaire \u00a0 \u00a0 &gt; Charte d&rsquo;utilisation des fichiers .jpeg Passez commande par mail [&hellip;]<\/p>\n","protected":false},"author":5,"featured_media":0,"parent":29,"menu_order":2,"comment_status":"closed","ping_status":"closed","template":"","meta":{"footnotes":""},"class_list":["post-312","page","type-page","status-publish","hentry"],"_links":{"self":[{"href":"https:\/\/cdco42.fr\/site\/index.php?rest_route=\/wp\/v2\/pages\/312","targetHints":{"allow":["GET"]}}],"collection":[{"href":"https:\/\/cdco42.fr\/site\/index.php?rest_route=\/wp\/v2\/pages"}],"about":[{"href":"https:\/\/cdco42.fr\/site\/index.php?rest_route=\/wp\/v2\/types\/page"}],"author":[{"embeddable":true,"href":"https:\/\/cdco42.fr\/site\/index.php?rest_route=\/wp\/v2\/users\/5"}],"replies":[{"embeddable":true,"href":"https:\/\/cdco42.fr\/site\/index.php?rest_route=%2Fwp%2Fv2%2Fcomments&post=312"}],"version-history":[{"count":24,"href":"https:\/\/cdco42.fr\/site\/index.php?rest_route=\/wp\/v2\/pages\/312\/revisions"}],"predecessor-version":[{"id":993,"href":"https:\/\/cdco42.fr\/site\/index.php?rest_route=\/wp\/v2\/pages\/312\/revisions\/993"}],"up":[{"embeddable":true,"href":"https:\/\/cdco42.fr\/site\/index.php?rest_route=\/wp\/v2\/pages\/29"}],"wp:attachment":[{"href":"https:\/\/cdco42.fr\/site\/index.php?rest_route=%2Fwp%2Fv2%2Fmedia&parent=312"}],"curies":[{"name":"wp","href":"https:\/\/api.w.org\/{rel}","templated":true}]}}